{"id":2835,"date":"2008-06-21T11:10:50","date_gmt":"2008-06-21T09:10:50","guid":{"rendered":"http:\/\/ww1.knowledgeplace.fr\/training\/?page_id=2835"},"modified":"2022-05-03T17:10:51","modified_gmt":"2022-05-03T15:10:51","slug":"cours","status":"publish","type":"page","link":"https:\/\/trials.knowledgeplaces.com\/training\/formation-naturopathie\/cours\/","title":{"rendered":"Cours"},"content":{"rendered":"<p><div class=\"et_d4_element et_pb_section et_pb_section_0 et_pb_with_background et_pb_section_parallax  et_pb_css_mix_blend_mode et_pb_fullwidth_section et_section_regular et_block_section\" >\n\t\t\t\t\n\t\t\t\t\n\t\t\t\t\n\t\t\t\t\n\t\t\t\t\n\t\t\t\t\n\t\t\t\t<section class=\"et_pb_module et_d4_element et_pb_fullwidth_header et_pb_fullwidth_header_0 et_hover_enabled  et_pb_css_mix_blend_mode et_pb_text_align_center et_pb_bg_layout_light\">\n\t\t\t\t\n\t\t\t\t\n\t\t\t\t\n\t\t\t\t\n\t\t\t\t<div class=\"et_pb_fullwidth_header_container center\">\n\t\t\t\t\t<div class=\"header-content-container center\">\n\t\t\t\t\t<div class=\"header-content\">\n\t\t\t\t\t\t\n\t\t\t\t\t\t<h1 class=\"et_pb_module_header\">La Naturopathie <\/h1>\n\t\t\t\t\t\t\n\t\t\t\t\t\t<div class=\"et_pb_header_content_wrapper\"><\/div>\n\t\t\t\t\t\t\n\t\t\t\t\t<\/div>\n\t\t\t\t<\/div>\n\t\t\t\t\t\n\t\t\t\t<\/div>\n\t\t\t\t<div class=\"et_pb_fullwidth_header_overlay\"><\/div>\n\t\t\t\t<div class=\"et_pb_fullwidth_header_scroll\"><\/div>\n\t\t\t<\/section>\n\t\t\t\t\n\t\t\t\t\n\t\t\t<\/div><div class=\"et_d4_element et_pb_section et_pb_section_1 et_pb_with_background et_pb_section_parallax  et_pb_css_mix_blend_mode et_section_regular et_block_section\" >\n\t\t\t\t\n\t\t\t\t\n\t\t\t\t\n\t\t\t\t\n\t\t\t\t\n\t\t\t\t\n\t\t\t\t<div class=\"et_d4_element et_pb_row et_pb_row_0 et_pb_row_fullwidth  et_pb_css_mix_blend_mode et_block_row\">\n\t\t\t\t<div class=\"et_d4_element et_pb_column_4_4 et_pb_column et_pb_column_0  et_pb_css_mix_blend_mode et-last-child et_block_column\">\n\t\t\t\t\n\t\t\t\t\n\t\t\t\t\n\t\t\t\t\n\t\t\t\t<div class=\"et_pb_module et_d4_element et_pb_text et_pb_text_0  et_pb_text_align_left et_pb_bg_layout_light\">\n\t\t\t\t\n\t\t\t\t\n\t\t\t\t\n\t\t\t\t\n\t\t\t\t<div class=\"et_pb_text_inner\"><div class=\"et_pb_text et_pb_module et_pb_bg_layout_light et_pb_text_align_center et_pb_text_0\">\n<h3>Cette formation vous permet de d\u00e9couvrir la Naturopathie.<\/h3>\n<\/div><\/div>\n\t\t\t<\/div><div class=\"et_pb_module et_d4_element et_pb_text et_pb_text_1  et_pb_text_align_center et_pb_bg_layout_light\">\n\t\t\t\t\n\t\t\t\t\n\t\t\t\t\n\t\t\t\t\n\t\t\t\t<div class=\"et_pb_text_inner\"><div class=\"et_pb_text et_pb_module et_pb_bg_layout_light et_pb_text_align_center et_pb_text_0\">\n<h5>Cliquez sur les vignettes pour acc\u00e9der \u00e0 chaque th\u00e8me de la formation.<\/h5>\n<\/div><\/div>\n\t\t\t<\/div>\n\t\t\t<\/div>\n\t\t\t\t\n\t\t\t\t\n\t\t\t\t\n\t\t\t\t\n\t\t\t<\/div><div class=\"et_d4_element et_pb_row et_pb_row_1 et_pb_row_fullwidth  et_pb_css_mix_blend_mode et_block_row\">\n\t\t\t\t<div class=\"et_d4_element et_pb_column_4_4 et_pb_column et_pb_column_1  et_pb_css_mix_blend_mode et-last-child et_block_column\">\n\t\t\t\t\n\t\t\t\t\n\t\t\t\t\n\t\t\t\t\n\t\t\t\t<div class=\"et_pb_with_border et_pb_module et_d4_element et_pb_filterable_portfolio et_pb_filterable_portfolio_0  et_pb_css_mix_blend_mode et_pb_portfolio  et_pb_bg_layout_light et_pb_filterable_portfolio_grid clearfix\" data-posts-number=\"5\">\n\t\t\t\t\n\t\t\t\t\n\t\t\t\t\n\t\t\t\t\n\t\t\t\t<div class=\"et_pb_portfolio_filters clearfix\"><ul class=\"clearfix\"><li class=\"et_pb_portfolio_filter et_pb_portfolio_filter_all\"><a href=\"#\" class=\"active\" data-category-slug=\"all\">Tout<\/a><\/li><li class=\"et_pb_portfolio_filter\"><a href=\"#\" data-category-slug=\"medecines-traditionnelles\">M\u00e9decines Traditionnelles<\/a><\/li><li class=\"et_pb_portfolio_filter\"><a href=\"#\" data-category-slug=\"evolutions-modernes\">Evolutions modernes<\/a><\/li><li class=\"et_pb_portfolio_filter\"><a href=\"#\" data-category-slug=\"origines\">Origines<\/a><\/li><\/ul><\/div>\n\n\t\t\t\t<div class=\"et_pb_portfolio_items_wrapper clearfix\">\n\t\t\t\t\t<div class=\"et_pb_portfolio_items et_pb_grid_items\">\t\t\t\t<div id=\"post-2622\" class=\"et_pb_portfolio_item et_pb_grid_item project_category_naturopathie project_category_origines et_pb_filterable_portfolio_item_0_0 post-2622 project type-project status-publish has-post-thumbnail hentry project_category-naturopathie project_category-origines\">\n\t\t\t\t\t\t\t\t\t\t<a href=\"https:\/\/trials.knowledgeplaces.com\/training\/project\/principes-et-pratiques\/\">\n\t\t\t\t\t\t\t<span class=\"et_portfolio_image\">\n\t\t\t\t\t\t\t\t<img loading=\"lazy\" decoding=\"async\" src=\"https:\/\/trials.knowledgeplaces.com\/training\/wp-content\/uploads\/sites\/63\/2008\/06\/principes-et-pratiques.jpg\" alt=\"Principes et Pratiques\" class=\"\" srcset=\"https:\/\/trials.knowledgeplaces.com\/training\/wp-content\/uploads\/sites\/63\/2008\/06\/principes-et-pratiques.jpg 479w, https:\/\/trials.knowledgeplaces.com\/training\/wp-content\/uploads\/sites\/63\/2008\/06\/principes-et-pratiques.jpg 480w \" sizes=\"(max-width:479px) 479px, 100vw \"  width=\"400\" height=\"284\" \/>\t\t\t\t\t\t\t\t<span class=\"et_overlay\"><\/span>\t\t\t\t\t\t\t<\/span>\n\t\t\t\t\t\t<\/a>\n\t\t\t\t\t<h2 class=\"et_pb_module_header\"><a href=\"https:\/\/trials.knowledgeplaces.com\/training\/project\/principes-et-pratiques\/\">Principes et Pratiques<\/a><\/h2><p class=\"post-meta\"><a href=\"https:\/\/trials.knowledgeplaces.com\/training\/project_category\/naturopathie\/\" rel=\"tag\">Naturopathie<\/a>, <a href=\"https:\/\/trials.knowledgeplaces.com\/training\/project_category\/origines\/\" rel=\"tag\">Origines<\/a><\/p>\t\t\t\t<\/div>\n\t\t\t\t\t\t\t\t<div id=\"post-2854\" class=\"et_pb_portfolio_item et_pb_grid_item project_category_naturopathie project_category_medecines-traditionnelles et_pb_filterable_portfolio_item_0_1 post-2854 project type-project status-publish has-post-thumbnail hentry project_category-naturopathie project_category-medecines-traditionnelles\">\n\t\t\t\t\t\t\t\t\t\t<a href=\"https:\/\/trials.knowledgeplaces.com\/training\/project\/la-medecine-chinoise\/\">\n\t\t\t\t\t\t\t<span class=\"et_portfolio_image\">\n\t\t\t\t\t\t\t\t<img loading=\"lazy\" decoding=\"async\" src=\"https:\/\/trials.knowledgeplaces.com\/training\/wp-content\/uploads\/sites\/63\/2008\/06\/medecine-chinoise.jpg\" alt=\"La m\u00e9decine Chinoise\" class=\"\" srcset=\"https:\/\/trials.knowledgeplaces.com\/training\/wp-content\/uploads\/sites\/63\/2008\/06\/medecine-chinoise.jpg 479w, https:\/\/trials.knowledgeplaces.com\/training\/wp-content\/uploads\/sites\/63\/2008\/06\/medecine-chinoise.jpg 480w \" sizes=\"(max-width:479px) 479px, 100vw \"  width=\"400\" height=\"284\" \/>\t\t\t\t\t\t\t\t<span class=\"et_overlay\"><\/span>\t\t\t\t\t\t\t<\/span>\n\t\t\t\t\t\t<\/a>\n\t\t\t\t\t<h2 class=\"et_pb_module_header\"><a href=\"https:\/\/trials.knowledgeplaces.com\/training\/project\/la-medecine-chinoise\/\">La m\u00e9decine Chinoise<\/a><\/h2><p class=\"post-meta\"><a href=\"https:\/\/trials.knowledgeplaces.com\/training\/project_category\/naturopathie\/\" rel=\"tag\">Naturopathie<\/a>, <a href=\"https:\/\/trials.knowledgeplaces.com\/training\/project_category\/medecines-traditionnelles\/\" rel=\"tag\">M\u00e9decines Traditionnelles<\/a><\/p>\t\t\t\t<\/div>\n\t\t\t\t\t\t\t\t<div id=\"post-2740\" class=\"et_pb_portfolio_item et_pb_grid_item project_category_naturopathie project_category_medecines-traditionnelles et_pb_filterable_portfolio_item_0_2 post-2740 project type-project status-publish has-post-thumbnail hentry project_category-naturopathie project_category-medecines-traditionnelles\">\n\t\t\t\t\t\t\t\t\t\t<a href=\"https:\/\/trials.knowledgeplaces.com\/training\/project\/medecine-tibetaine\/\">\n\t\t\t\t\t\t\t<span class=\"et_portfolio_image\">\n\t\t\t\t\t\t\t\t<img loading=\"lazy\" decoding=\"async\" src=\"https:\/\/trials.knowledgeplaces.com\/training\/wp-content\/uploads\/sites\/63\/2008\/06\/medecine-tibetaine.jpg\" alt=\"La m\u00e9decine Tib\u00e9taine\" class=\"\" srcset=\"https:\/\/trials.knowledgeplaces.com\/training\/wp-content\/uploads\/sites\/63\/2008\/06\/medecine-tibetaine.jpg 479w, https:\/\/trials.knowledgeplaces.com\/training\/wp-content\/uploads\/sites\/63\/2008\/06\/medecine-tibetaine.jpg 480w \" sizes=\"(max-width:479px) 479px, 100vw \"  width=\"400\" height=\"284\" \/>\t\t\t\t\t\t\t\t<span class=\"et_overlay\"><\/span>\t\t\t\t\t\t\t<\/span>\n\t\t\t\t\t\t<\/a>\n\t\t\t\t\t<h2 class=\"et_pb_module_header\"><a href=\"https:\/\/trials.knowledgeplaces.com\/training\/project\/medecine-tibetaine\/\">La m\u00e9decine Tib\u00e9taine<\/a><\/h2><p class=\"post-meta\"><a href=\"https:\/\/trials.knowledgeplaces.com\/training\/project_category\/naturopathie\/\" rel=\"tag\">Naturopathie<\/a>, <a href=\"https:\/\/trials.knowledgeplaces.com\/training\/project_category\/medecines-traditionnelles\/\" rel=\"tag\">M\u00e9decines Traditionnelles<\/a><\/p>\t\t\t\t<\/div>\n\t\t\t\t\t\t\t\t<div id=\"post-2790\" class=\"et_pb_portfolio_item et_pb_grid_item project_category_naturopathie project_category_evolutions-modernes et_pb_filterable_portfolio_item_0_3 post-2790 project type-project status-publish has-post-thumbnail hentry project_category-naturopathie project_category-evolutions-modernes\">\n\t\t\t\t\t\t\t\t\t\t<a href=\"https:\/\/trials.knowledgeplaces.com\/training\/project\/phytotherapie\/\">\n\t\t\t\t\t\t\t<span class=\"et_portfolio_image\">\n\t\t\t\t\t\t\t\t<img loading=\"lazy\" decoding=\"async\" src=\"https:\/\/trials.knowledgeplaces.com\/training\/wp-content\/uploads\/sites\/63\/2008\/06\/phytotherapie.jpg\" alt=\"Phytoth\u00e9rapie\" class=\"\" srcset=\"https:\/\/trials.knowledgeplaces.com\/training\/wp-content\/uploads\/sites\/63\/2008\/06\/phytotherapie.jpg 479w, https:\/\/trials.knowledgeplaces.com\/training\/wp-content\/uploads\/sites\/63\/2008\/06\/phytotherapie.jpg 480w \" sizes=\"(max-width:479px) 479px, 100vw \"  width=\"400\" height=\"284\" \/>\t\t\t\t\t\t\t\t<span class=\"et_overlay\"><\/span>\t\t\t\t\t\t\t<\/span>\n\t\t\t\t\t\t<\/a>\n\t\t\t\t\t<h2 class=\"et_pb_module_header\"><a href=\"https:\/\/trials.knowledgeplaces.com\/training\/project\/phytotherapie\/\">Phytoth\u00e9rapie<\/a><\/h2><p class=\"post-meta\"><a href=\"https:\/\/trials.knowledgeplaces.com\/training\/project_category\/naturopathie\/\" rel=\"tag\">Naturopathie<\/a>, <a href=\"https:\/\/trials.knowledgeplaces.com\/training\/project_category\/evolutions-modernes\/\" rel=\"tag\">Evolutions modernes<\/a><\/p>\t\t\t\t<\/div>\n\t\t\t\t<\/div>\n\t\t\t\t<\/div>\n\t\t\t\t<div class=\"et_pb_portofolio_pagination\"><\/div>\n\t\t\t<\/div>\n\t\t\t<\/div>\n\t\t\t\t\n\t\t\t\t\n\t\t\t\t\n\t\t\t\t\n\t\t\t<\/div>\n\t\t\t\t\n\t\t\t\t\n\t\t\t<\/div><div class=\"et_d4_element et_pb_section et_pb_section_2 et_pb_with_background  et_pb_css_mix_blend_mode et_section_regular et_block_section\" >\n\t\t\t\t\n\t\t\t\t\n\t\t\t\t\n\t\t\t\t\n\t\t\t\t\n\t\t\t\t\n\t\t\t\t<div class=\"et_d4_element et_pb_row et_pb_row_2  et_pb_css_mix_blend_mode et_block_row\">\n\t\t\t\t<div class=\"et_d4_element et_pb_column_4_4 et_pb_column et_pb_column_2  et_pb_css_mix_blend_mode et-last-child et_block_column\">\n\t\t\t\t\n\t\t\t\t\n\t\t\t\t\n\t\t\t\t\n\t\t\t\t<div class=\"et_pb_with_border et_pb_module et_d4_element et_pb_blurb et_pb_blurb_0 et_clickable  et_pb_text_align_center  et_pb_blurb_position_top et_block_module et_pb_bg_layout_light\">\n\t\t\t\t\n\t\t\t\t\n\t\t\t\t\n\t\t\t\t\n\t\t\t\t<div class=\"et_pb_blurb_content\">\n\t\t\t\t\t<div class=\"et_pb_main_blurb_image et_pb_css_mix_blend_mode\"><span class=\"et_pb_image_wrap\"><span class=\"et-waypoint et_pb_animation_off et_pb_animation_off_tablet et_pb_animation_off_phone et-pb-icon et-pb-icon-circle et-pb-icon-circle-border\">\ue050<\/span><\/span><\/div>\n\t\t\t\t\t<div class=\"et_pb_blurb_container\">\n\t\t\t\t\t\t<h4 class=\"et_pb_module_header\"><span>Pour en savoir plus<\/span><\/h4>\n\t\t\t\t\t\t<div class=\"et_pb_blurb_description\"><p>Cliquez ici pour acc\u00e9der \u00e0 des informations compl\u00e9mentaires sur diff\u00e9rents aspects de la Naturopathie.<\/p><\/div>\n\t\t\t\t\t<\/div>\n\t\t\t\t<\/div>\n\t\t\t<\/div>\n\t\t\t<\/div>\n\t\t\t\t\n\t\t\t\t\n\t\t\t\t\n\t\t\t\t\n\t\t\t<\/div>\n\t\t\t\t\n\t\t\t\t\n\t\t\t<\/div><div class=\"et_d4_element et_pb_section et_pb_section_3 et_pb_with_background  et_pb_css_mix_blend_mode et_section_regular et_block_section\" >\n\t\t\t\t\n\t\t\t\t\n\t\t\t\t\n\t\t\t\t\n\t\t\t\t\n\t\t\t\t\n\t\t\t\t<div class=\"et_d4_element et_pb_row et_pb_row_3  et_pb_css_mix_blend_mode et_block_row\">\n\t\t\t\t<div class=\"et_d4_element et_pb_column_4_4 et_pb_column et_pb_column_3  et_pb_css_mix_blend_mode et-last-child et_block_column\">\n\t\t\t\t\n\t\t\t\t\n\t\t\t\t\n\t\t\t\t\n\t\t\t\t<div class=\"et_pb_with_border et_pb_module et_d4_element et_pb_blurb et_pb_blurb_1  et_pb_text_align_center  et_pb_blurb_position_top et_block_module et_pb_bg_layout_light\">\n\t\t\t\t\n\t\t\t\t\n\t\t\t\t\n\t\t\t\t\n\t\t\t\t<div class=\"et_pb_blurb_content\">\n\t\t\t\t\t<div class=\"et_pb_main_blurb_image et_pb_css_mix_blend_mode\"><a href=\"https:\/\/trials.knowledgeplaces.com\/training\/formation-naturopathie\/quiz\/\"><span class=\"et_pb_image_wrap\"><span class=\"et-waypoint et_pb_animation_off et_pb_animation_off_tablet et_pb_animation_off_phone et-pb-icon et-pb-icon-circle et-pb-icon-circle-border\">u<\/span><\/span><\/a><\/div>\n\t\t\t\t\t<div class=\"et_pb_blurb_container\">\n\t\t\t\t\t\t<h4 class=\"et_pb_module_header\"><a href=\"https:\/\/trials.knowledgeplaces.com\/training\/formation-naturopathie\/quiz\/\">V\u00e9rifiez vos connaissances !<\/a><\/h4>\n\t\t\t\t\t\t<div class=\"et_pb_blurb_description\"><p>R\u00e9pondez \u00e0 ce Quiz amusant et rapide pour valider vos connaissances sur la Naturopathie.<\/p><\/div>\n\t\t\t\t\t<\/div>\n\t\t\t\t<\/div>\n\t\t\t<\/div>\n\t\t\t<\/div>\n\t\t\t\t\n\t\t\t\t\n\t\t\t\t\n\t\t\t\t\n\t\t\t<\/div>\n\t\t\t\t\n\t\t\t\t\n\t\t\t<\/div><div class=\"et_d4_element et_pb_section et_pb_section_4  et_pb_css_mix_blend_mode et_section_regular section_has_divider et_pb_top_divider et_block_section\" >\n\t\t\t\t<div class=\"et_pb_top_inside_divider et-no-transition\"><\/div>\n\t\t\t\t\n\t\t\t\t\n\t\t\t\t\n\t\t\t\t\n\t\t\t\t\n\t\t\t\t\n\t\t\t\t\n\t\t\t\t\n\t\t\t<\/div><\/p>\n","protected":false},"excerpt":{"rendered":"","protected":false},"author":74,"featured_media":0,"parent":1781,"menu_order":9,"comment_status":"open","ping_status":"closed","template":"","meta":{"_et_pb_use_builder":"on","_et_pb_old_content":"","_et_gb_content_width":"","footnotes":""},"categories":[],"tags":[],"class_list":["post-2835","page","type-page","status-publish","hentry"],"_links":{"self":[{"href":"https:\/\/trials.knowledgeplaces.com\/training\/wp-json\/wp\/v2\/pages\/2835","targetHints":{"allow":["GET"]}}],"collection":[{"href":"https:\/\/trials.knowledgeplaces.com\/training\/wp-json\/wp\/v2\/pages"}],"about":[{"href":"https:\/\/trials.knowledgeplaces.com\/training\/wp-json\/wp\/v2\/types\/page"}],"author":[{"embeddable":true,"href":"https:\/\/trials.knowledgeplaces.com\/training\/wp-json\/wp\/v2\/users\/74"}],"replies":[{"embeddable":true,"href":"https:\/\/trials.knowledgeplaces.com\/training\/wp-json\/wp\/v2\/comments?post=2835"}],"version-history":[{"count":58,"href":"https:\/\/trials.knowledgeplaces.com\/training\/wp-json\/wp\/v2\/pages\/2835\/revisions"}],"predecessor-version":[{"id":206362,"href":"https:\/\/trials.knowledgeplaces.com\/training\/wp-json\/wp\/v2\/pages\/2835\/revisions\/206362"}],"up":[{"embeddable":true,"href":"https:\/\/trials.knowledgeplaces.com\/training\/wp-json\/wp\/v2\/pages\/1781"}],"wp:attachment":[{"href":"https:\/\/trials.knowledgeplaces.com\/training\/wp-json\/wp\/v2\/media?parent=2835"}],"wp:term":[{"taxonomy":"category","embeddable":true,"href":"https:\/\/trials.knowledgeplaces.com\/training\/wp-json\/wp\/v2\/categories?post=2835"},{"taxonomy":"post_tag","embeddable":true,"href":"https:\/\/trials.knowledgeplaces.com\/training\/wp-json\/wp\/v2\/tags?post=2835"}],"curies":[{"name":"wp","href":"https:\/\/api.w.org\/{rel}","templated":true}]}}