{"id":206258,"date":"2019-06-04T11:20:02","date_gmt":"2019-06-04T09:20:02","guid":{"rendered":"https:\/\/trials.knowledgeplaces.com\/training\/formation-naturopathie\/cours\/activite-h5p-course-presentation-copy\/"},"modified":"2019-06-21T15:27:07","modified_gmt":"2019-06-21T13:27:07","slug":"activite-h5p-interactive-video","status":"publish","type":"page","link":"https:\/\/trials.knowledgeplaces.com\/training\/formation-naturopathie\/cours\/activite-h5p-interactive-video\/","title":{"rendered":"Activit\u00e9 H5P Interactive Video"},"content":{"rendered":"<div class=\"et_d4_element et_pb_section et_pb_section_0 et_pb_with_background et_pb_section_parallax  et_pb_css_mix_blend_mode et_section_regular et_block_section\" >\n\t\t\t\t\n\t\t\t\t\n\t\t\t\t\n\t\t\t\t\n\t\t\t\t\n\t\t\t\t\n\t\t\t\t<div class=\"et_d4_element et_pb_row et_pb_row_0  et_pb_css_mix_blend_mode et_block_row\">\n\t\t\t\t<div class=\"et_d4_element et_pb_column_4_4 et_pb_column et_pb_column_0  et_pb_css_mix_blend_mode et-last-child et_block_column\">\n\t\t\t\t\n\t\t\t\t\n\t\t\t\t\n\t\t\t\t\n\t\t\t\t<div class=\"et_pb_module et_d4_element et_pb_post_title et_pb_post_title_0 et_pb_bg_layout_light  et_pb_text_align_left\"   >\n\t\t\t\t\n\t\t\t\t\n\t\t\t\t\n\t\t\t\t\n\t\t\t\t\n\t\t\t\t<div class=\"et_pb_title_container\">\n\t\t\t\t\t<h1 class=\"entry-title\"><\/h1>\n\t\t\t\t<\/div>\n\t\t\t\t\n\t\t\t<\/div><div class=\"et_pb_module et_d4_element et_pb_code et_pb_code_0\">\n\t\t\t\t\n\t\t\t\t\n\t\t\t\t\n\t\t\t\t\n\t\t\t\t<div class=\"et_pb_code_inner\"><div class=\"h5p-iframe-wrapper\"><iframe id=\"h5p-iframe-1\" class=\"h5p-iframe\" data-content-id=\"1\" style=\"height:1px\" src=\"about:blank\" frameBorder=\"0\" scrolling=\"no\" title=\"Vid\u00e9o Yoga : M\u00e9decine Tib\u00e9taine\"><\/iframe><\/div> <\/div>\n\t\t\t<\/div><div class=\"et_pb_with_border et_pb_module et_d4_element et_pb_post_nav_0 et_pb_posts_nav nav-single et_block_module\">\n\t\t\t\t\n\t\t\t<\/div>\n\t\t\t<\/div>\n\t\t\t\t\n\t\t\t\t\n\t\t\t\t\n\t\t\t\t\n\t\t\t<\/div>\n\t\t\t\t\n\t\t\t\t\n\t\t\t<\/div>\n","protected":false},"excerpt":{"rendered":"","protected":false},"author":74,"featured_media":0,"parent":2835,"menu_order":2,"comment_status":"closed","ping_status":"closed","template":"","meta":{"_et_pb_use_builder":"on","_et_pb_old_content":"","_et_gb_content_width":"","footnotes":""},"categories":[],"tags":[],"class_list":["post-206258","page","type-page","status-publish","hentry"],"_links":{"self":[{"href":"https:\/\/trials.knowledgeplaces.com\/training\/wp-json\/wp\/v2\/pages\/206258","targetHints":{"allow":["GET"]}}],"collection":[{"href":"https:\/\/trials.knowledgeplaces.com\/training\/wp-json\/wp\/v2\/pages"}],"about":[{"href":"https:\/\/trials.knowledgeplaces.com\/training\/wp-json\/wp\/v2\/types\/page"}],"author":[{"embeddable":true,"href":"https:\/\/trials.knowledgeplaces.com\/training\/wp-json\/wp\/v2\/users\/74"}],"replies":[{"embeddable":true,"href":"https:\/\/trials.knowledgeplaces.com\/training\/wp-json\/wp\/v2\/comments?post=206258"}],"version-history":[{"count":3,"href":"https:\/\/trials.knowledgeplaces.com\/training\/wp-json\/wp\/v2\/pages\/206258\/revisions"}],"predecessor-version":[{"id":206291,"href":"https:\/\/trials.knowledgeplaces.com\/training\/wp-json\/wp\/v2\/pages\/206258\/revisions\/206291"}],"up":[{"embeddable":true,"href":"https:\/\/trials.knowledgeplaces.com\/training\/wp-json\/wp\/v2\/pages\/2835"}],"wp:attachment":[{"href":"https:\/\/trials.knowledgeplaces.com\/training\/wp-json\/wp\/v2\/media?parent=206258"}],"wp:term":[{"taxonomy":"category","embeddable":true,"href":"https:\/\/trials.knowledgeplaces.com\/training\/wp-json\/wp\/v2\/categories?post=206258"},{"taxonomy":"post_tag","embeddable":true,"href":"https:\/\/trials.knowledgeplaces.com\/training\/wp-json\/wp\/v2\/tags?post=206258"}],"curies":[{"name":"wp","href":"https:\/\/api.w.org\/{rel}","templated":true}]}}