{"id":1781,"date":"2008-06-26T12:50:16","date_gmt":"2008-06-26T10:50:16","guid":{"rendered":"http:\/\/ww5.knowledgeplace.fr\/cerfpa\/?page_id=1734"},"modified":"2019-11-22T17:41:42","modified_gmt":"2019-11-22T16:41:42","slug":"formation-naturopathie","status":"publish","type":"page","link":"https:\/\/trials.knowledgeplaces.com\/training\/formation-naturopathie\/","title":{"rendered":"La Naturopathie"},"content":{"rendered":"<p><div class=\"et_d4_element et_pb_section et_pb_section_0 et_animated et_pb_section_parallax et_pb_with_background  et_pb_css_mix_blend_mode et_section_regular section_has_divider et_pb_bottom_divider et_block_section\" >\n\t\t\t\t\n\t\t\t\t<span class=\"et_parallax_bg_wrap et-pb-parallax-wrapper\"><span\n\t\t\t\t\t\tclass=\"et_parallax_bg et_pb_parallax_css et_parallax_bg--et_pb_section_0\"\n\t\t\t\t\t\tstyle=\"background-image: url(https:\/\/trials.knowledgeplaces.com\/training\/wp-content\/uploads\/sites\/63\/2018\/01\/La-medecine-Orthomoleculaire.jpg);\"\n\t\t\t\t\t><\/span><\/span>\n\t\t\t\t\n\t\t\t\t\n\t\t\t\t\n\t\t\t\t\n\t\t\t\t<div id=\"rendre son lieu de vie...\" class=\"et_d4_element et_pb_row et_pb_row_0  et_pb_css_mix_blend_mode et_block_row\">\n\t\t\t\t<div class=\"et_d4_element et_pb_column_4_4 et_pb_column et_pb_column_0  et_pb_css_mix_blend_mode et-last-child et_block_column\">\n\t\t\t\t\n\t\t\t\t\n\t\t\t\t\n\t\t\t\t\n\t\t\t\t<div class=\"et_pb_module et_d4_element et_pb_text et_pb_text_0 et_animated  et_pb_text_align_left et_pb_bg_layout_light\">\n\t\t\t\t\n\t\t\t\t\n\t\t\t\t\n\t\t\t\t\n\t\t\t\t<div class=\"et_pb_text_inner\"><h1 style=\"text-align: center\">Introduction \u00e0 la Naturopathie<\/h1><\/div>\n\t\t\t<\/div>\n\t\t\t<\/div>\n\t\t\t\t\n\t\t\t\t\n\t\t\t\t\n\t\t\t\t\n\t\t\t<\/div><div id=\"rendre son lieu de vie...\" class=\"et_d4_element et_pb_row et_pb_row_1  et_pb_css_mix_blend_mode et_block_row\">\n\t\t\t\t<div class=\"et_d4_element et_pb_column_1_5 et_pb_column et_pb_column_1  et_pb_css_mix_blend_mode et_block_column\">\n\t\t\t\t\n\t\t\t\t\n\t\t\t\t\n\t\t\t\t\n\t\t\t\t<div class=\"et_pb_module et_d4_element et_pb_divider_0 et_pb_space et_pb_divider_hidden\"><div class=\"et_pb_divider_internal\"><\/div><\/div><div class=\"et_pb_module et_d4_element et_pb_divider_1 et_pb_space et_pb_divider_hidden\"><div class=\"et_pb_divider_internal\"><\/div><\/div><div class=\"et_pb_module et_d4_element et_pb_code et_pb_code_0\">\n\t\t\t\t\n\t\t\t\t\n\t\t\t\t\n\t\t\t\t\n\t\t\t\t<div class=\"et_pb_code_inner\"><img decoding=\"async\" src=\"\/qrcodes\/_.png\" \/><\/div>\n\t\t\t<\/div><div class=\"et_pb_module et_d4_element et_pb_accordion et_pb_accordion_0\">\n\t\t\t\t\n\t\t\t\t\n\t\t\t\t\n\t\t\t\t\n\t\t\t\t\n\t\t\t<\/div>\n\t\t\t<\/div><div class=\"et_d4_element et_pb_column_1_5 et_pb_column et_pb_column_2  et_pb_css_mix_blend_mode et_block_column et_pb_column_empty\">\n\t\t\t\t\n\t\t\t\t\n\t\t\t\t\n\t\t\t\t\n\t\t\t\t\n\t\t\t<\/div><div class=\"et_d4_element et_pb_column_1_5 et_pb_column et_pb_column_3  et_pb_css_mix_blend_mode et_block_column\">\n\t\t\t\t\n\t\t\t\t\n\t\t\t\t\n\t\t\t\t\n\t\t\t\t<div class=\"et_pb_module et_d4_element et_pb_blurb et_pb_blurb_0 et_animated et_hover_enabled  et_pb_text_align_left  et_pb_blurb_position_top et_block_module et_pb_bg_layout_light\">\n\t\t\t\t\n\t\t\t\t\n\t\t\t\t\n\t\t\t\t\n\t\t\t\t<div class=\"et_pb_blurb_content\">\n\t\t\t\t\t<div class=\"et_pb_main_blurb_image et_pb_css_mix_blend_mode\"><a href=\"#Intro\"><span class=\"et_pb_image_wrap\"><span class=\"et-waypoint et_pb_animation_off et_pb_animation_off_tablet et_pb_animation_off_phone et-pb-icon\">&#xe048;<\/span><\/span><\/a><\/div>\n\t\t\t\t\t<div class=\"et_pb_blurb_container\">\n\t\t\t\t\t\t\n\t\t\t\t\t\t\n\t\t\t\t\t<\/div>\n\t\t\t\t<\/div>\n\t\t\t<\/div>\n\t\t\t<\/div><div class=\"et_d4_element et_pb_column_1_5 et_pb_column et_pb_column_4  et_pb_css_mix_blend_mode et_block_column et_pb_column_empty\">\n\t\t\t\t\n\t\t\t\t\n\t\t\t\t\n\t\t\t\t\n\t\t\t\t\n\t\t\t<\/div><div class=\"et_d4_element et_pb_column_1_5 et_pb_column et_pb_column_5  et_pb_css_mix_blend_mode et-last-child et_block_column et_pb_column_empty\">\n\t\t\t\t\n\t\t\t\t\n\t\t\t\t\n\t\t\t\t\n\t\t\t\t\n\t\t\t<\/div>\n\t\t\t\t\n\t\t\t\t\n\t\t\t\t\n\t\t\t\t\n\t\t\t<\/div>\n\t\t\t\t\n\t\t\t\t<div class=\"et_pb_bottom_inside_divider et-no-transition\"><\/div>\n\t\t\t<\/div><div id=\"Intro\" class=\"et_d4_element et_pb_section et_pb_section_1 et_animated et_pb_section_parallax  et_pb_css_mix_blend_mode et_section_regular et_block_section\" >\n\t\t\t\t\n\t\t\t\t\n\t\t\t\t\n\t\t\t\t\n\t\t\t\t\n\t\t\t\t\n\t\t\t\t<div class=\"et_d4_element et_pb_row et_pb_row_2 et_pb_row_fullwidth  et_pb_css_mix_blend_mode et_block_row\">\n\t\t\t\t<div class=\"et_d4_element et_pb_column_4_4 et_pb_column et_pb_column_6  et_pb_css_mix_blend_mode et-last-child et_block_column\">\n\t\t\t\t\n\t\t\t\t\n\t\t\t\t\n\t\t\t\t\n\t\t\t\t<div id=\" lien1\" class=\"et_pb_module et_d4_element et_pb_accordion et_pb_accordion_1\">\n\t\t\t\t\n\t\t\t\t\n\t\t\t\t\n\t\t\t\t\n\t\t\t\t<div class=\"et_pb_toggle et_pb_module et_d4_element et_pb_accordion_item et_pb_accordion_item_0  et_pb_toggle_open\">\n\t\t\t\t\n\t\t\t\t\n\t\t\t\t\n\t\t\t\t\n\t\t\t\t<h5 class=\"et_pb_toggle_title\">Les objectifs de la formation<\/h5>\n\t\t\t\t<div class=\"et_pb_toggle_content clearfix\"><p style=\"text-align: justify\">La formation en naturopathie vous propose d\u2019apprendre comment fortifier son capital sant\u00e9 et de mettre les comp\u00e9tences acquises au service d\u2019autres, dans les m\u00e9tiers de la naturopathie.<\/p>\n<p style=\"text-align: justify\">A travers un apprentissage complet, vous d\u00e9velopperez des connaissances sp\u00e9cifiques au fonctionnement du corps humain, ainsi que la r\u00e9gulation de ses manifestations psychiques et \u00e9nerg\u00e9tiques par l\u2019utilisation de m\u00e9thodes de sant\u00e9 alternatives et compl\u00e9mentaires aux m\u00e9decines traditionnelles.<\/p>\n<p style=\"text-align: justify\">Vous d\u00e9couvrirez \u00e9galement comment pratiquer les techniques les plus efficaces pour aider les personnes souffrant de troubles et d\u00e9s\u00e9quilibres physiques : nutrition, r\u00e9flexologie, magn\u00e9tisme ou phytologie.<\/p><\/div>\n\t\t\t<\/div><div class=\"et_pb_toggle et_pb_module et_d4_element et_pb_accordion_item et_pb_accordion_item_1  et_pb_toggle_close\">\n\t\t\t\t\n\t\t\t\t\n\t\t\t\t\n\t\t\t\t\n\t\t\t\t<h5 class=\"et_pb_toggle_title\">Le m\u00e9tier de naturopathe<\/h5>\n\t\t\t\t<div class=\"et_pb_toggle_content clearfix\"><p style=\"text-align: justify\">La naturopathie est une approche unique qui a pour objectif d'am\u00e9liorer la sant\u00e9 et traiter la maladie.<\/p>\n<p style=\"text-align: justify\">Le naturopathe qui est un sp\u00e9cialiste de la nutrition rassemble toute son attention sur la pr\u00e9vention et utilise des substances et des traitements naturels pour stimuler la capacit\u00e9 naturelle du corps \u00e0 se gu\u00e9rir lui-m\u00eame.<\/p>\n<p style=\"text-align: justify\">Pr\u00e9vention mais aussi traitement des dysfonctionnements et des d\u00e9s\u00e9quilibres.<\/p><\/div>\n\t\t\t<\/div><div class=\"et_pb_toggle et_pb_module et_d4_element et_pb_accordion_item et_pb_accordion_item_2  et_pb_toggle_close\">\n\t\t\t\t\n\t\t\t\t\n\t\t\t\t\n\t\t\t\t\n\t\t\t\t<h5 class=\"et_pb_toggle_title\">A qui s\u2019adresse la formation<\/h5>\n\t\t\t\t<div class=\"et_pb_toggle_content clearfix\"><p>Cette formation concerne tous ceux et celles qui sont soucieux de pr\u00e9server leur sant\u00e9 et celle des autres.<\/p>\n<p>Elle est ouverte \u00e0 tous types d\u2019\u00e9tudiants et tous niveaux confondus, toute l\u2019ann\u00e9e et sans condition particuli\u00e8re d\u2019admission.<\/p>\n<p>La dur\u00e9e de formation varie entre 3 et 24 mois selon le type de programme auquel vous souhaitez adh\u00e9rer.<\/p>\n<p>Cette formation compl\u00e8te et unique vous donnera tous les moyens th\u00e9rapeutiques pour exercer ce merveilleux m\u00e9tier plein d'avenir.<\/p>\n<p>Le point essentiel de cette formation est d'\u00e9tablir avec vos futurs patients un programme personnalis\u00e9 d'hygi\u00e8ne vitale associ\u00e9 \u00e0 une cure r\u00e9g\u00e9n\u00e9rative et un ensemble de mesures appropri\u00e9es sur les facteurs de risque de la personne.<\/p>\n<p>Vous apporterez un soutien th\u00e9rapeutique efficace \u00e0 l'aide de m\u00e9thodes de soins apprises, comme les approches corporelles, les massages, la phytoth\u00e9rapie, l'oligoth\u00e9rapie, l'iridologie...<\/p><\/div>\n\t\t\t<\/div>\n\t\t\t<\/div><div class=\"et_pb_with_border et_pb_module et_d4_element et_pb_blurb et_pb_blurb_1 et_animated  et_pb_text_align_center  et_pb_blurb_position_top et_block_module et_pb_bg_layout_light\">\n\t\t\t\t\n\t\t\t\t\n\t\t\t\t\n\t\t\t\t\n\t\t\t\t<div class=\"et_pb_blurb_content\">\n\t\t\t\t\t<div class=\"et_pb_main_blurb_image et_pb_css_mix_blend_mode\"><a href=\"https:\/\/trials.knowledgeplaces.com\/training\/formation-naturopathie\/cours\"><span class=\"et_pb_image_wrap\"><span class=\"et-waypoint et_pb_animation_off et_pb_animation_off_tablet et_pb_animation_off_phone et-pb-icon et-pb-icon-circle et-pb-icon-circle-border\">&#x35;<\/span><\/span><\/a><\/div>\n\t\t\t\t\t<div class=\"et_pb_blurb_container\">\n\t\t\t\t\t\t<h4 class=\"et_pb_module_header\"><a href=\"https:\/\/trials.knowledgeplaces.com\/training\/formation-naturopathie\/cours\">Commencer<\/a><\/h4>\n\t\t\t\t\t\t\n\t\t\t\t\t<\/div>\n\t\t\t\t<\/div>\n\t\t\t<\/div>\n\t\t\t<\/div>\n\t\t\t\t\n\t\t\t\t\n\t\t\t\t\n\t\t\t\t\n\t\t\t<\/div>\n\t\t\t\t\n\t\t\t\t\n\t\t\t<\/div><\/p>\n","protected":false},"excerpt":{"rendered":"","protected":false},"author":74,"featured_media":0,"parent":0,"menu_order":8,"comment_status":"closed","ping_status":"closed","template":"","meta":{"_et_pb_use_builder":"on","_et_pb_old_content":"","_et_gb_content_width":"","footnotes":""},"categories":[],"tags":[],"class_list":["post-1781","page","type-page","status-publish","hentry"],"_links":{"self":[{"href":"https:\/\/trials.knowledgeplaces.com\/training\/wp-json\/wp\/v2\/pages\/1781","targetHints":{"allow":["GET"]}}],"collection":[{"href":"https:\/\/trials.knowledgeplaces.com\/training\/wp-json\/wp\/v2\/pages"}],"about":[{"href":"https:\/\/trials.knowledgeplaces.com\/training\/wp-json\/wp\/v2\/types\/page"}],"author":[{"embeddable":true,"href":"https:\/\/trials.knowledgeplaces.com\/training\/wp-json\/wp\/v2\/users\/74"}],"replies":[{"embeddable":true,"href":"https:\/\/trials.knowledgeplaces.com\/training\/wp-json\/wp\/v2\/comments?post=1781"}],"version-history":[{"count":59,"href":"https:\/\/trials.knowledgeplaces.com\/training\/wp-json\/wp\/v2\/pages\/1781\/revisions"}],"predecessor-version":[{"id":206340,"href":"https:\/\/trials.knowledgeplaces.com\/training\/wp-json\/wp\/v2\/pages\/1781\/revisions\/206340"}],"wp:attachment":[{"href":"https:\/\/trials.knowledgeplaces.com\/training\/wp-json\/wp\/v2\/media?parent=1781"}],"wp:term":[{"taxonomy":"category","embeddable":true,"href":"https:\/\/trials.knowledgeplaces.com\/training\/wp-json\/wp\/v2\/categories?post=1781"},{"taxonomy":"post_tag","embeddable":true,"href":"https:\/\/trials.knowledgeplaces.com\/training\/wp-json\/wp\/v2\/tags?post=1781"}],"curies":[{"name":"wp","href":"https:\/\/api.w.org\/{rel}","templated":true}]}}